{"id":26,"date":"2017-09-25T17:00:21","date_gmt":"2017-09-25T15:00:21","guid":{"rendered":"https:\/\/fishermans.000webhostapp.com\/?page_id=26"},"modified":"2026-02-02T17:06:02","modified_gmt":"2026-02-02T17:06:02","slug":"anfahrt","status":"publish","type":"page","link":"https:\/\/starfish.co.at\/?page_id=26","title":{"rendered":"\u00d6ffnungszeiten &amp; Anfahrt"},"content":{"rendered":"<p style=\"text-align: center;\">Unteregging 11, 3254 Bergland, Nieder\u00f6sterreich<\/p>\n<p style=\"text-align: center;\"><iframe loading=\"lazy\" style=\"border: 0;\" src=\"https:\/\/www.google.com\/maps\/embed?pb=!1m18!1m12!1m3!1d2661.4566719038435!2d15.100894515815435!3d48.159279157627886!2m3!1f0!2f0!3f0!3m2!1i1024!2i768!4f13.1!3m3!1m2!1s0x4772425473ae62b5%3A0x1e74b8a450468d8a!2sStarfish+-+Angelger%C3%A4te!5e0!3m2!1sde!2sde!4v1506351594158\" width=\"600\" height=\"450\" frameborder=\"0\" allowfullscreen=\"allowfullscreen\"><\/iframe><\/p>\n<p>Wir haben f\u00fcr Sie wie folgt ge\u00f6ffnet:<\/p>\n<p style=\"text-align: center;\">Montag 8-12 und 14-18 Uhr<br \/>\nDienstag 8-12 und 14-18 Uhr<br \/>\nMittwoch 8-12 und 14-18 Uhr<br \/>\nDonnerstag 8-12 und 14-18 Uhr<br \/>\nFreitag 8-12 und 14-18 Uhr<br \/>\nSamstag 8-12 Uhr<\/p>\n<p style=\"text-align: center;\">\n<p style=\"text-align: center;\">\n","protected":false},"excerpt":{"rendered":"<p>Unteregging 11, 3254 Bergland, Nieder\u00f6sterreich Wir haben f\u00fcr Sie wie folgt ge\u00f6ffnet: Montag 8-12 und 14-18 Uhr Dienstag 8-12 und [&hellip;]<\/p>\n","protected":false},"author":1,"featured_media":0,"parent":0,"menu_order":5,"comment_status":"closed","ping_status":"closed","template":"","meta":[],"_links":{"self":[{"href":"https:\/\/starfish.co.at\/index.php?rest_route=\/wp\/v2\/pages\/26"}],"collection":[{"href":"https:\/\/starfish.co.at\/index.php?rest_route=\/wp\/v2\/pages"}],"about":[{"href":"https:\/\/starfish.co.at\/index.php?rest_route=\/wp\/v2\/types\/page"}],"author":[{"embeddable":true,"href":"https:\/\/starfish.co.at\/index.php?rest_route=\/wp\/v2\/users\/1"}],"replies":[{"embeddable":true,"href":"https:\/\/starfish.co.at\/index.php?rest_route=%2Fwp%2Fv2%2Fcomments&post=26"}],"version-history":[{"count":51,"href":"https:\/\/starfish.co.at\/index.php?rest_route=\/wp\/v2\/pages\/26\/revisions"}],"predecessor-version":[{"id":1912,"href":"https:\/\/starfish.co.at\/index.php?rest_route=\/wp\/v2\/pages\/26\/revisions\/1912"}],"wp:attachment":[{"href":"https:\/\/starfish.co.at\/index.php?rest_route=%2Fwp%2Fv2%2Fmedia&parent=26"}],"curies":[{"name":"wp","href":"https:\/\/api.w.org\/{rel}","templated":true}]}}