{"id":28,"date":"2017-09-25T17:00:52","date_gmt":"2017-09-25T15:00:52","guid":{"rendered":"https:\/\/fishermans.000webhostapp.com\/?page_id=28"},"modified":"2024-12-02T17:51:41","modified_gmt":"2024-12-02T17:51:41","slug":"gutscheine","status":"publish","type":"page","link":"https:\/\/starfish.co.at\/?page_id=28","title":{"rendered":"Gutscheine"},"content":{"rendered":"\n<p>Hier k\u00f6nnen Sie einfach online Gutscheine kaufen und bequem zu Hause ausdrucken!<\/p>\n\n\n\n<ul><li>Gew\u00fcnschten Gutscheintext, Wert und Anzahl der Gutscheine ausw\u00e4hlen<\/li><li>Auf &#8220;Bestellen&#8221; klicken<\/li><li>Gutschein wird per E-Mail versandt<\/li><li>Einfach ausdrucken und fertig!<\/li><\/ul>\n\n\n\n<p>Viel Spa\u00df beim Beschenken!<\/p>\n\n\n\n<div id=\"container\">\n  <div id=\"gs-form\">Daten werden geladen &#8230;<\/div>\n<\/div>\n<script>\nvar callbackGS = function(){\n  jq2 = jQuery.noConflict();\n  jq2.getScript(\"https:\/\/www.gutschein.software\/gs\/js\/jquery.gs.js\",\n  function( data, textStatus, jqxhr ) {\n    jq2(function( $ ) {\n      \/\/ your customer id\n      var customerId = 790;\n      $('#gs-form').gs(\n      {\n        'customerId' : customerId,\n      }\n      );\n    });\n  });\n};\nif (document.readyState === \"complete\" || (document.readyState !== \"loading\" &&\n!document.documentElement.doScroll)) {\n  callbackGS();\n} else {\n  document.addEventListener(\"DOMContentLoaded\", callbackGS);\n}\n<\/script>\n","protected":false},"excerpt":{"rendered":"<p>Hier k\u00f6nnen Sie einfach online Gutscheine kaufen und bequem zu Hause ausdrucken! Gew\u00fcnschten Gutscheintext, Wert und Anzahl der Gutscheine ausw\u00e4hlen [&hellip;]<\/p>\n","protected":false},"author":1,"featured_media":0,"parent":0,"menu_order":2,"comment_status":"closed","ping_status":"closed","template":"","meta":[],"_links":{"self":[{"href":"https:\/\/starfish.co.at\/index.php?rest_route=\/wp\/v2\/pages\/28"}],"collection":[{"href":"https:\/\/starfish.co.at\/index.php?rest_route=\/wp\/v2\/pages"}],"about":[{"href":"https:\/\/starfish.co.at\/index.php?rest_route=\/wp\/v2\/types\/page"}],"author":[{"embeddable":true,"href":"https:\/\/starfish.co.at\/index.php?rest_route=\/wp\/v2\/users\/1"}],"replies":[{"embeddable":true,"href":"https:\/\/starfish.co.at\/index.php?rest_route=%2Fwp%2Fv2%2Fcomments&post=28"}],"version-history":[{"count":22,"href":"https:\/\/starfish.co.at\/index.php?rest_route=\/wp\/v2\/pages\/28\/revisions"}],"predecessor-version":[{"id":1647,"href":"https:\/\/starfish.co.at\/index.php?rest_route=\/wp\/v2\/pages\/28\/revisions\/1647"}],"wp:attachment":[{"href":"https:\/\/starfish.co.at\/index.php?rest_route=%2Fwp%2Fv2%2Fmedia&parent=28"}],"curies":[{"name":"wp","href":"https:\/\/api.w.org\/{rel}","templated":true}]}}